{"id":1262,"date":"2021-02-21T18:46:36","date_gmt":"2021-02-21T18:46:36","guid":{"rendered":"https:\/\/glass-works.org\/vystava\/"},"modified":"2021-09-07T19:17:05","modified_gmt":"2021-09-07T19:17:05","slug":"vystava","status":"publish","type":"page","link":"https:\/\/glass-works.org\/cs\/vystava\/","title":{"rendered":"Kulturn\u00ed d\u011bdictv\u00ed sklo"},"content":{"rendered":"\t\t<div data-elementor-type=\"wp-page\" data-elementor-id=\"1262\" class=\"elementor elementor-1262 elementor-92\" data-elementor-settings=\"{&quot;ha_cmc_init_switcher&quot;:&quot;no&quot;}\">\n\t\t\t\t\t\t<section class=\"elementor-section elementor-top-section elementor-element elementor-element-753e23ce elementor-section-height-min-height elementor-section-boxed elementor-section-height-default elementor-section-items-middle\" data-id=\"753e23ce\" data-element_type=\"section\" data-e-type=\"section\" data-settings=\"{&quot;background_background&quot;:&quot;classic&quot;,&quot;_ha_eqh_enable&quot;:false}\">\n\t\t\t\t\t\t\t<div class=\"elementor-background-overlay\"><\/div>\n\t\t\t\t\t\t\t<div class=\"elementor-container elementor-column-gap-default\">\n\t\t\t\t\t<div class=\"elementor-column elementor-col-100 elementor-top-column elementor-element elementor-element-76d0472e\" data-id=\"76d0472e\" data-element_type=\"column\" data-e-type=\"column\">\n\t\t\t<div class=\"elementor-widget-wrap elementor-element-populated\">\n\t\t\t\t\t\t<section class=\"elementor-section elementor-inner-section elementor-element elementor-element-6a647155 elementor-section-boxed elementor-section-height-default elementor-section-height-default\" data-id=\"6a647155\" data-element_type=\"section\" data-e-type=\"section\" data-settings=\"{&quot;_ha_eqh_enable&quot;:false}\">\n\t\t\t\t\t\t<div class=\"elementor-container elementor-column-gap-default\">\n\t\t\t\t\t<div class=\"elementor-column elementor-col-100 elementor-inner-column elementor-element elementor-element-5a4c50ee\" data-id=\"5a4c50ee\" data-element_type=\"column\" data-e-type=\"column\">\n\t\t\t<div class=\"elementor-widget-wrap elementor-element-populated\">\n\t\t\t\t\t\t<div class=\"elementor-element elementor-element-743c4532 elementor-widget elementor-widget-heading\" data-id=\"743c4532\" data-element_type=\"widget\" data-e-type=\"widget\" data-widget_type=\"heading.default\">\n\t\t\t\t<div class=\"elementor-widget-container\">\n\t\t\t\t\t<h2 class=\"elementor-heading-title elementor-size-default\">Evropsk\u00e9 sklo \u017eije v \u0159emesle, um\u011bn\u00ed &amp; pr\u016fmyslu<\/h2>\t\t\t\t<\/div>\n\t\t\t\t<\/div>\n\t\t\t\t<div class=\"elementor-element elementor-element-b3d08cd elementor-widget elementor-widget-heading\" data-id=\"b3d08cd\" data-element_type=\"widget\" data-e-type=\"widget\" data-widget_type=\"heading.default\">\n\t\t\t\t<div class=\"elementor-widget-container\">\n\t\t\t\t\t<h2 class=\"elementor-heading-title elementor-size-default\">Kulturn\u00ed sklen\u011bn\u00e9 d\u011bdictv\u00ed <\/h2>\t\t\t\t<\/div>\n\t\t\t\t<\/div>\n\t\t\t\t\t<\/div>\n\t\t<\/div>\n\t\t\t\t\t<\/div>\n\t\t<\/section>\n\t\t\t\t\t<\/div>\n\t\t<\/div>\n\t\t\t\t\t<\/div>\n\t\t<\/section>\n\t\t\t\t<section class=\"elementor-section elementor-top-section elementor-element elementor-element-17dfa07d elementor-section-boxed elementor-section-height-default elementor-section-height-default\" data-id=\"17dfa07d\" data-element_type=\"section\" data-e-type=\"section\" data-settings=\"{&quot;_ha_eqh_enable&quot;:false}\">\n\t\t\t\t\t\t<div class=\"elementor-container elementor-column-gap-default\">\n\t\t\t\t\t<div class=\"elementor-column elementor-col-100 elementor-top-column elementor-element elementor-element-90a7c7c\" data-id=\"90a7c7c\" data-element_type=\"column\" data-e-type=\"column\">\n\t\t\t<div class=\"elementor-widget-wrap elementor-element-populated\">\n\t\t\t\t\t\t<div class=\"elementor-element elementor-element-4e8cb97 elementor-widget elementor-widget-text-editor\" data-id=\"4e8cb97\" data-element_type=\"widget\" data-e-type=\"widget\" data-widget_type=\"text-editor.default\">\n\t\t\t\t<div class=\"elementor-widget-container\">\n\t\t\t\t\t\t\t\t\t<p>Projekt Glass Works stav\u00ed na p\u0159eshrani\u010dn\u00edch vztaz\u00edch evropsk\u00fdch skl\u00e1\u0159\u016f. V kr\u00e1tk\u00fdch p\u0159\u00edb\u011bz\u00edch je zde vyobrazeno 19 skl\u00e1\u0159\u016f z 5 evropsk\u00fdch skl\u00e1\u0159sk\u00fdch region\u016f: v\u00fdchodn\u00edho Bavorska, \u010cesk\u00e9 republiky, \u0160t\u00fdrska, Alsaska-Lotrinska a D\u00e1nska. V\u0161echny regiony vykazuj\u00ed charakteristick\u00fd profil mezin\u00e1rodn\u00edho ateli\u00e9rov\u00e9ho skla, u\u017eit\u00e9ho um\u011bn\u00ed, \u0161pi\u010dkov\u00fdch technologi\u00ed, rafinovan\u00e9ho k\u0159i\u0161\u0165\u00e1lu nebo skandin\u00e1vsk\u00e9ho designu. Cestuj\u00edc\u00ed skl\u00e1\u0159i z oblasti \u0159emesel, designu a um\u011bn\u00ed je vz\u00e1jemn\u011b propojuj\u00ed. Sv\u00fdmi dovednostmi a kreativitou udr\u017euj\u00ed sklo p\u0159i \u017eivot\u011b &#8211; od st\u0159edov\u011bku a\u017e po sou\u010dasnost a budoucnost.<\/p><p>Texty a obr\u00e1zky jsou sou\u010d\u00e1st\u00ed putovn\u00ed v\u00fdstavy &#8222;Glass Works. Evropsk\u00e9 sklo \u017eije v \u0159emesle, um\u011bn\u00ed a pr\u016fmyslu&#8220;.<\/p><p>Zjist\u011bte v\u00edce<\/p><p>Putovn\u00ed v\u00fdstava &#8222;Glass Works. European Glass Lives in Craft, Art and Industry&#8220; vznikla na p\u0159elomu let 2019\/2020 na Institutu pro kulturn\u00ed antropologii a evropskou etnologii na univerzit\u011b v rakousk\u00e9m \u0160t\u00fdrsk\u00e9m Hradci ve spolupr\u00e1ci s Bild-Werk Frauenau e.V. a \u0159adou spolupracuj\u00edc\u00edch partner\u016f. Kur\u00e1torka: Lisa Eidenhammer.<\/p><p>St\u00e1hnout: Textov\u00e9 panely &#8222;Grenzg\u00e4nger&#8220;, v\u00fd\u0148atky z bro\u017eury k v\u00fdstav\u011b.<\/p><p>Texty: Lisa Eidenhammer a Katharina Eisch-Angus. Grafika\/n\u00e1vrh v\u00fdstavy: Johann Zuschnigg. P\u0159eklady: Mark Angus (anglicky), Jaroslav Fait (\u010desky), Mai Therese \u00d8rsted Andersen (d\u00e1nsky).<\/p>\t\t\t\t\t\t\t\t<\/div>\n\t\t\t\t<\/div>\n\t\t\t\t<div class=\"elementor-element elementor-element-dc09e76 elementor-widget elementor-widget-heading\" data-id=\"dc09e76\" data-element_type=\"widget\" data-e-type=\"widget\" data-widget_type=\"heading.default\">\n\t\t\t\t<div class=\"elementor-widget-container\">\n\t\t\t\t\t<h2 class=\"elementor-heading-title elementor-size-default\">\u010c\u00edm je sklo v\u00fdjime\u010dn\u00e9<\/h2>\t\t\t\t<\/div>\n\t\t\t\t<\/div>\n\t\t\t\t<div class=\"elementor-element elementor-element-9aa5bf9 elementor-hidden-phone elementor-widget elementor-widget-posts\" data-id=\"9aa5bf9\" data-element_type=\"widget\" data-e-type=\"widget\" data-widget_type=\"posts.cards\">\n\t\t\t\t<div class=\"elementor-widget-container\">\n\t\t\t\t\t \t\t\t\t<\/div>\n\t\t\t\t<\/div>\n\t\t\t\t<div class=\"elementor-element elementor-element-ca26c7a elementor-widget elementor-widget-heading\" data-id=\"ca26c7a\" data-element_type=\"widget\" data-e-type=\"widget\" data-widget_type=\"heading.default\">\n\t\t\t\t<div class=\"elementor-widget-container\">\n\t\t\t\t\t<h2 class=\"elementor-heading-title elementor-size-default\">P\u0159ekro\u010den\u00ed hranic a p\u0159ekro\u010den\u00ed hranic ve skle<\/h2>\t\t\t\t<\/div>\n\t\t\t\t<\/div>\n\t\t\t\t<div class=\"elementor-element elementor-element-f0e9171 elementor-hidden-phone elementor-widget elementor-widget-posts\" data-id=\"f0e9171\" data-element_type=\"widget\" data-e-type=\"widget\" data-widget_type=\"posts.cards\">\n\t\t\t\t<div class=\"elementor-widget-container\">\n\t\t\t\t\t \t\t\t\t<\/div>\n\t\t\t\t<\/div>\n\t\t\t\t<div class=\"elementor-element elementor-element-60d61f5 elementor-widget elementor-widget-heading\" data-id=\"60d61f5\" data-element_type=\"widget\" data-e-type=\"widget\" data-widget_type=\"heading.default\">\n\t\t\t\t<div class=\"elementor-widget-container\">\n\t\t\t\t\t<h2 class=\"elementor-heading-title elementor-size-default\">5 Sklen\u011bn\u00fdch Oblast\u00ed v Portr\u00e9tu<\/h2>\t\t\t\t<\/div>\n\t\t\t\t<\/div>\n\t\t\t\t<div class=\"elementor-element elementor-element-728a223 elementor-widget elementor-widget-heading\" data-id=\"728a223\" data-element_type=\"widget\" data-e-type=\"widget\" data-widget_type=\"heading.default\">\n\t\t\t\t<div class=\"elementor-widget-container\">\n\t\t\t\t\t<h3 class=\"elementor-heading-title elementor-size-default\"> Historie, Sou\u010dasnost, Zam\u011b\u0159en\u00ed<\/h3>\t\t\t\t<\/div>\n\t\t\t\t<\/div>\n\t\t\t\t<div class=\"elementor-element elementor-element-74579b7 elementor-hidden-phone elementor-widget elementor-widget-posts\" data-id=\"74579b7\" data-element_type=\"widget\" data-e-type=\"widget\" data-widget_type=\"posts.cards\">\n\t\t\t\t<div class=\"elementor-widget-container\">\n\t\t\t\t\t \t\t\t\t<\/div>\n\t\t\t\t<\/div>\n\t\t\t\t\t<\/div>\n\t\t<\/div>\n\t\t\t\t\t<\/div>\n\t\t<\/section>\n\t\t\t\t<\/div>\n\t\t","protected":false},"excerpt":{"rendered":"<p>Evropsk\u00e9 sklo \u017eije v \u0159emesle, um\u011bn\u00ed &amp; pr\u016fmyslu Kulturn\u00ed sklen\u011bn\u00e9 d\u011bdictv\u00ed Projekt Glass Works stav\u00ed na p\u0159eshrani\u010dn\u00edch vztaz\u00edch evropsk\u00fdch skl\u00e1\u0159\u016f. V kr\u00e1tk\u00fdch p\u0159\u00edb\u011bz\u00edch je zde vyobrazeno 19 skl\u00e1\u0159\u016f z 5 evropsk\u00fdch skl\u00e1\u0159sk\u00fdch region\u016f: v\u00fdchodn\u00edho Bavorska, \u010cesk\u00e9 republiky, \u0160t\u00fdrska, Alsaska-Lotrinska a D\u00e1nska. V\u0161echny regiony vykazuj\u00ed charakteristick\u00fd profil mezin\u00e1rodn\u00edho ateli\u00e9rov\u00e9ho skla, u\u017eit\u00e9ho um\u011bn\u00ed, \u0161pi\u010dkov\u00fdch technologi\u00ed, rafinovan\u00e9ho k\u0159i\u0161\u0165\u00e1lu [&hellip;]<\/p>\n","protected":false},"author":1,"featured_media":0,"parent":0,"menu_order":0,"comment_status":"closed","ping_status":"closed","template":"","meta":{"site-sidebar-layout":"no-sidebar","site-content-layout":"page-builder","ast-site-content-layout":"default","site-content-style":"default","site-sidebar-style":"default","ast-global-header-display":"","ast-banner-title-visibility":"","ast-main-header-display":"","ast-hfb-above-header-display":"","ast-hfb-below-header-display":"","ast-hfb-mobile-header-display":"","site-post-title":"disabled","ast-breadcrumbs-content":"","ast-featured-img":"disabled","footer-sml-layout":"","ast-disable-related-posts":"","theme-transparent-header-meta":"default","adv-header-id-meta":"","stick-header-meta":"","header-above-stick-meta":"","header-main-stick-meta":"","header-below-stick-meta":"","astra-migrate-meta-layouts":"default","ast-page-background-enabled":"default","ast-page-background-meta":{"desktop":{"background-color":"var(--ast-global-color-4)","background-image":"","background-repeat":"repeat","background-position":"center center","background-size":"auto","background-attachment":"scroll","background-type":"","background-media":"","overlay-type":"","overlay-color":"","overlay-opacity":"","overlay-gradient":""},"tablet":{"background-color":"","background-image":"","background-repeat":"repeat","background-position":"center center","background-size":"auto","background-attachment":"scroll","background-type":"","background-media":"","overlay-type":"","overlay-color":"","overlay-opacity":"","overlay-gradient":""},"mobile":{"background-color":"","background-image":"","background-repeat":"repeat","background-position":"center center","background-size":"auto","background-attachment":"scroll","background-type":"","background-media":"","overlay-type":"","overlay-color":"","overlay-opacity":"","overlay-gradient":""}},"ast-content-background-meta":{"desktop":{"background-color":"var(--ast-global-color-5)","background-image":"","background-repeat":"repeat","background-position":"center center","background-size":"auto","background-attachment":"scroll","background-type":"","background-media":"","overlay-type":"","overlay-color":"","overlay-opacity":"","overlay-gradient":""},"tablet":{"background-color":"var(--ast-global-color-5)","background-image":"","background-repeat":"repeat","background-position":"center center","background-size":"auto","background-attachment":"scroll","background-type":"","background-media":"","overlay-type":"","overlay-color":"","overlay-opacity":"","overlay-gradient":""},"mobile":{"background-color":"var(--ast-global-color-5)","background-image":"","background-repeat":"repeat","background-position":"center center","background-size":"auto","background-attachment":"scroll","background-type":"","background-media":"","overlay-type":"","overlay-color":"","overlay-opacity":"","overlay-gradient":""}},"footnotes":""},"class_list":["post-1262","page","type-page","status-publish","hentry"],"_links":{"self":[{"href":"https:\/\/glass-works.org\/cs\/wp-json\/wp\/v2\/pages\/1262","targetHints":{"allow":["GET"]}}],"collection":[{"href":"https:\/\/glass-works.org\/cs\/wp-json\/wp\/v2\/pages"}],"about":[{"href":"https:\/\/glass-works.org\/cs\/wp-json\/wp\/v2\/types\/page"}],"author":[{"embeddable":true,"href":"https:\/\/glass-works.org\/cs\/wp-json\/wp\/v2\/users\/1"}],"replies":[{"embeddable":true,"href":"https:\/\/glass-works.org\/cs\/wp-json\/wp\/v2\/comments?post=1262"}],"version-history":[{"count":39,"href":"https:\/\/glass-works.org\/cs\/wp-json\/wp\/v2\/pages\/1262\/revisions"}],"predecessor-version":[{"id":4844,"href":"https:\/\/glass-works.org\/cs\/wp-json\/wp\/v2\/pages\/1262\/revisions\/4844"}],"wp:attachment":[{"href":"https:\/\/glass-works.org\/cs\/wp-json\/wp\/v2\/media?parent=1262"}],"curies":[{"name":"wp","href":"https:\/\/api.w.org\/{rel}","templated":true}]}}