{"id":1277,"date":"2021-02-21T18:49:32","date_gmt":"2021-02-21T18:49:32","guid":{"rendered":"https:\/\/glass-works.org\/otisk\/"},"modified":"2021-02-21T18:49:37","modified_gmt":"2021-02-21T18:49:37","slug":"otisk","status":"publish","type":"page","link":"https:\/\/glass-works.org\/cs\/otisk\/","title":{"rendered":"otisk"},"content":{"rendered":"\n<h3 class=\"wp-block-heading\">Identifikace poskytovatele webov\u00e9 str\u00e1nky www.bildwerkfrauenau.de<\/h3>\n\n<p>Vydavatel: Bild-Werk Frauenau eV<br\/>Zplnomocn\u011bn\u00ed z\u00e1stupci: Prof. Dr. Katharina Eisch-Angus, Heidi Vlk<\/p>\n\n<p>Adresa:<br\/>Bild-Werk Frauenau eV<br\/>Moosaustra\u00dfe 18a<br\/>94258 Frauenau<\/p>\n\n<p>Tel.:+ 49 (0) 9926\/18 08 95<br\/>Fax: + 49 (0) 9926\/18 08 97<\/p>\n\n<p>E-mail: <a href=\"mailto:info@bild-werk-frauenau.de\">info@bild-werk-frauenau.de<\/a><\/p>\n\n<p>Registr sdru\u017een\u00ed Deggendorf, Bild-Werk Frauenau eV, s\u00eddlo: Frauenau, VR 10415<br\/>Identifika\u010dn\u00ed \u010d\u00edslo dan\u011b z obratu: DE249431044<\/p>\n\n<p><a href=\"http:\/\/www.bildwerkfrauenau.de\/\">www.bildwerkfrauenau.de<\/a> je nab\u00eddka sdru\u017een\u00ed Bild-Werk Frauenau na internetu. P\u0159\u00edsp\u011bvky poskytuje rada sdru\u017een\u00ed.<br\/>\u00a9 Bild-Werk Frauenau eV<\/p>\n\n<p><strong>Pr\u00e1vn\u00ed upozorn\u011bn\u00ed, autorsk\u00e1 pr\u00e1va<\/strong><br\/>Obsah a struktura webov\u00fdch str\u00e1nek jsou chr\u00e1n\u011bny autorsk\u00fdmi pr\u00e1vy. K reprodukci, distribuci a zve\u0159ejn\u011bn\u00ed ve\u0161ker\u00e9ho obsahu a strukturn\u00edch prvk\u016f, zejm\u00e9na zvukov\u00fdch, obrazov\u00fdch, textov\u00fdch, textov\u00fdch \u010d\u00e1st\u00ed, obr\u00e1zk\u016f, grafiky, animac\u00ed, her, karet a designov\u00fdch prvk\u016f, je nutn\u00fd p\u0159edchoz\u00ed p\u00edsemn\u00fd souhlas spole\u010dnosti Bild-Werk Frauenau eV To plat\u00ed zejm\u00e9na pro p\u0159evzet\u00ed na osobn\u00edch nebo komer\u010dn\u00edch webov\u00fdch str\u00e1nk\u00e1ch.<\/p>\n\n<p><strong>Vlevo, odjet<\/strong><br\/>Sdru\u017een\u00ed Bild-Werk Frauenau nenese odpov\u011bdnost za obsah extern\u00edch webov\u00fdch str\u00e1nek, na kter\u00e9 se lze dostat prost\u0159ednictv\u00edm odkazu. Bild-Werk Frauenau pravideln\u011b kontroluje a aktualizuje obsah t\u00e9to webov\u00e9 str\u00e1nky. P\u0159es ve\u0161kerou p\u00e9\u010di se mezit\u00edm mohly objevit zm\u011bny. Nelze proto p\u0159evz\u00edt z\u00e1ruku nebo jinou odpov\u011bdnost za aktu\u00e1lnost a \u00faplnost poskytovan\u00e9ho obsahu. Tot\u00e9\u017e plat\u00ed pro v\u0161echny extern\u00ed webov\u00e9 str\u00e1nky, na kter\u00e9 se odkazuje prost\u0159ednictv\u00edm odkazu z nab\u00eddky Bild-Werk Frauenau.<\/p>\n\n<p><strong>Soubory ke sta\u017een\u00ed<\/strong><br\/>Spole\u010dnost Bild-Werk Frauenau nem\u016f\u017ee zaru\u010dit \u00fasp\u011b\u0161nost stahov\u00e1n\u00ed ani funk\u010dnost sta\u017een\u00fdch produkt\u016f ve va\u0161em syst\u00e9mu. Stahov\u00e1n\u00ed povoluje pouze soukrom\u00e9 nebo jin\u00e9 osobn\u00ed pou\u017eit\u00ed produkt\u016f nab\u00edzen\u00fdch ke sta\u017een\u00ed a kopi\u00ed z nich vyroben\u00fdch. Jak\u00e9koli dal\u0161\u00ed pou\u017eit\u00ed vy\u017eaduje p\u0159edchoz\u00ed p\u00edsemn\u00fd souhlas spole\u010dnosti Bild-Werk Frauenau eV<\/p>\n","protected":false},"excerpt":{"rendered":"<p>Identifikace poskytovatele webov\u00e9 str\u00e1nky www.bildwerkfrauenau.de Vydavatel: Bild-Werk Frauenau eVZplnomocn\u011bn\u00ed z\u00e1stupci: Prof. Dr. Katharina Eisch-Angus, Heidi Vlk Adresa:Bild-Werk Frauenau eVMoosaustra\u00dfe 18a94258 Frauenau Tel.:+ 49 (0) 9926\/18 08 95Fax: + 49 (0) 9926\/18 08 97 E-mail: info@bild-werk-frauenau.de Registr sdru\u017een\u00ed Deggendorf, Bild-Werk Frauenau eV, s\u00eddlo: Frauenau, VR 10415Identifika\u010dn\u00ed \u010d\u00edslo dan\u011b z obratu: DE249431044 www.bildwerkfrauenau.de je nab\u00eddka sdru\u017een\u00ed Bild-Werk [&hellip;]<\/p>\n","protected":false},"author":1,"featured_media":0,"parent":0,"menu_order":0,"comment_status":"closed","ping_status":"closed","template":"","meta":{"site-sidebar-layout":"default","site-content-layout":"default","ast-site-content-layout":"default","site-content-style":"default","site-sidebar-style":"default","ast-global-header-display":"","ast-banner-title-visibility":"","ast-main-header-display":"","ast-hfb-above-header-display":"","ast-hfb-below-header-display":"","ast-hfb-mobile-header-display":"","site-post-title":"","ast-breadcrumbs-content":"","ast-featured-img":"","footer-sml-layout":"","ast-disable-related-posts":"","theme-transparent-header-meta":"default","adv-header-id-meta":"","stick-header-meta":"","header-above-stick-meta":"","header-main-stick-meta":"","header-below-stick-meta":"","astra-migrate-meta-layouts":"default","ast-page-background-enabled":"default","ast-page-background-meta":{"desktop":{"background-color":"var(--ast-global-color-4)","background-image":"","background-repeat":"repeat","background-position":"center center","background-size":"auto","background-attachment":"scroll","background-type":"","background-media":"","overlay-type":"","overlay-color":"","overlay-opacity":"","overlay-gradient":""},"tablet":{"background-color":"","background-image":"","background-repeat":"repeat","background-position":"center center","background-size":"auto","background-attachment":"scroll","background-type":"","background-media":"","overlay-type":"","overlay-color":"","overlay-opacity":"","overlay-gradient":""},"mobile":{"background-color":"","background-image":"","background-repeat":"repeat","background-position":"center center","background-size":"auto","background-attachment":"scroll","background-type":"","background-media":"","overlay-type":"","overlay-color":"","overlay-opacity":"","overlay-gradient":""}},"ast-content-background-meta":{"desktop":{"background-color":"var(--ast-global-color-5)","background-image":"","background-repeat":"repeat","background-position":"center center","background-size":"auto","background-attachment":"scroll","background-type":"","background-media":"","overlay-type":"","overlay-color":"","overlay-opacity":"","overlay-gradient":""},"tablet":{"background-color":"var(--ast-global-color-5)","background-image":"","background-repeat":"repeat","background-position":"center center","background-size":"auto","background-attachment":"scroll","background-type":"","background-media":"","overlay-type":"","overlay-color":"","overlay-opacity":"","overlay-gradient":""},"mobile":{"background-color":"var(--ast-global-color-5)","background-image":"","background-repeat":"repeat","background-position":"center center","background-size":"auto","background-attachment":"scroll","background-type":"","background-media":"","overlay-type":"","overlay-color":"","overlay-opacity":"","overlay-gradient":""}},"footnotes":""},"class_list":["post-1277","page","type-page","status-publish","hentry"],"_links":{"self":[{"href":"https:\/\/glass-works.org\/cs\/wp-json\/wp\/v2\/pages\/1277","targetHints":{"allow":["GET"]}}],"collection":[{"href":"https:\/\/glass-works.org\/cs\/wp-json\/wp\/v2\/pages"}],"about":[{"href":"https:\/\/glass-works.org\/cs\/wp-json\/wp\/v2\/types\/page"}],"author":[{"embeddable":true,"href":"https:\/\/glass-works.org\/cs\/wp-json\/wp\/v2\/users\/1"}],"replies":[{"embeddable":true,"href":"https:\/\/glass-works.org\/cs\/wp-json\/wp\/v2\/comments?post=1277"}],"version-history":[{"count":3,"href":"https:\/\/glass-works.org\/cs\/wp-json\/wp\/v2\/pages\/1277\/revisions"}],"predecessor-version":[{"id":1280,"href":"https:\/\/glass-works.org\/cs\/wp-json\/wp\/v2\/pages\/1277\/revisions\/1280"}],"wp:attachment":[{"href":"https:\/\/glass-works.org\/cs\/wp-json\/wp\/v2\/media?parent=1277"}],"curies":[{"name":"wp","href":"https:\/\/api.w.org\/{rel}","templated":true}]}}