{"id":1281,"date":"2021-02-21T18:49:56","date_gmt":"2021-02-21T18:49:56","guid":{"rendered":"https:\/\/glass-works.org\/registrovat\/"},"modified":"2021-08-31T10:13:00","modified_gmt":"2021-08-31T10:13:00","slug":"registrovat","status":"publish","type":"page","link":"https:\/\/glass-works.org\/cs\/registrovat\/","title":{"rendered":"Registrovat"},"content":{"rendered":"\t\t<div data-elementor-type=\"wp-page\" data-elementor-id=\"1281\" class=\"elementor elementor-1281 elementor-906\" data-elementor-settings=\"{&quot;ha_cmc_init_switcher&quot;:&quot;no&quot;}\">\n\t\t\t\t\t\t<section class=\"elementor-section elementor-top-section elementor-element elementor-element-21e43279 elementor-section-boxed elementor-section-height-default elementor-section-height-default\" data-id=\"21e43279\" data-element_type=\"section\" data-e-type=\"section\" data-settings=\"{&quot;_ha_eqh_enable&quot;:false}\">\n\t\t\t\t\t\t<div class=\"elementor-container elementor-column-gap-default\">\n\t\t\t\t\t<div class=\"elementor-column elementor-col-100 elementor-top-column elementor-element elementor-element-25da374d\" data-id=\"25da374d\" data-element_type=\"column\" data-e-type=\"column\">\n\t\t\t<div class=\"elementor-widget-wrap elementor-element-populated\">\n\t\t\t\t\t\t<div class=\"elementor-element elementor-element-65a96f36 elementor-widget elementor-widget-text-editor\" data-id=\"65a96f36\" data-element_type=\"widget\" data-e-type=\"widget\" data-widget_type=\"text-editor.default\">\n\t\t\t\t<div class=\"elementor-widget-container\">\n\t\t\t\t\t\t\t\t\t<p>Zaregistrujte se a zve\u0159ejn\u011bte sv\u016fj p\u0159\u00edsp\u011bvek. Formul\u00e1\u0159 vypl\u0148te pros\u00edm v angli\u010dtin\u011b:<\/p><div class=\"forminator-guttenberg\"><form id=\"forminator-module-828\" class=\"forminator-custom-form forminator-custom-form-828\" method=\"post\" data-forminator-render=\"0\" data-uid=\"69de802353705\"><div role=\"alert\" aria-live=\"polite\" class=\"forminator-response-message forminator-error\" aria-hidden=\"true\"><\/div><\/form><\/div>\t\t\t\t\t\t\t\t<\/div>\n\t\t\t\t<\/div>\n\t\t\t\t\t<\/div>\n\t\t<\/div>\n\t\t\t\t\t<\/div>\n\t\t<\/section>\n\t\t\t\t<\/div>\n\t\t","protected":false},"excerpt":{"rendered":"<p>Zaregistrujte se a zve\u0159ejn\u011bte sv\u016fj p\u0159\u00edsp\u011bvek. Formul\u00e1\u0159 vypl\u0148te pros\u00edm v angli\u010dtin\u011b:<\/p>\n","protected":false},"author":1,"featured_media":0,"parent":0,"menu_order":0,"comment_status":"closed","ping_status":"closed","template":"","meta":{"site-sidebar-layout":"default","site-content-layout":"default","ast-site-content-layout":"default","site-content-style":"default","site-sidebar-style":"default","ast-global-header-display":"","ast-banner-title-visibility":"","ast-main-header-display":"","ast-hfb-above-header-display":"","ast-hfb-below-header-display":"","ast-hfb-mobile-header-display":"","site-post-title":"","ast-breadcrumbs-content":"","ast-featured-img":"","footer-sml-layout":"","ast-disable-related-posts":"","theme-transparent-header-meta":"default","adv-header-id-meta":"","stick-header-meta":"","header-above-stick-meta":"","header-main-stick-meta":"","header-below-stick-meta":"","astra-migrate-meta-layouts":"default","ast-page-background-enabled":"default","ast-page-background-meta":{"desktop":{"background-color":"var(--ast-global-color-4)","background-image":"","background-repeat":"repeat","background-position":"center center","background-size":"auto","background-attachment":"scroll","background-type":"","background-media":"","overlay-type":"","overlay-color":"","overlay-opacity":"","overlay-gradient":""},"tablet":{"background-color":"","background-image":"","background-repeat":"repeat","background-position":"center center","background-size":"auto","background-attachment":"scroll","background-type":"","background-media":"","overlay-type":"","overlay-color":"","overlay-opacity":"","overlay-gradient":""},"mobile":{"background-color":"","background-image":"","background-repeat":"repeat","background-position":"center center","background-size":"auto","background-attachment":"scroll","background-type":"","background-media":"","overlay-type":"","overlay-color":"","overlay-opacity":"","overlay-gradient":""}},"ast-content-background-meta":{"desktop":{"background-color":"var(--ast-global-color-5)","background-image":"","background-repeat":"repeat","background-position":"center center","background-size":"auto","background-attachment":"scroll","background-type":"","background-media":"","overlay-type":"","overlay-color":"","overlay-opacity":"","overlay-gradient":""},"tablet":{"background-color":"var(--ast-global-color-5)","background-image":"","background-repeat":"repeat","background-position":"center center","background-size":"auto","background-attachment":"scroll","background-type":"","background-media":"","overlay-type":"","overlay-color":"","overlay-opacity":"","overlay-gradient":""},"mobile":{"background-color":"var(--ast-global-color-5)","background-image":"","background-repeat":"repeat","background-position":"center center","background-size":"auto","background-attachment":"scroll","background-type":"","background-media":"","overlay-type":"","overlay-color":"","overlay-opacity":"","overlay-gradient":""}},"footnotes":""},"class_list":["post-1281","page","type-page","status-publish","hentry"],"_links":{"self":[{"href":"https:\/\/glass-works.org\/cs\/wp-json\/wp\/v2\/pages\/1281","targetHints":{"allow":["GET"]}}],"collection":[{"href":"https:\/\/glass-works.org\/cs\/wp-json\/wp\/v2\/pages"}],"about":[{"href":"https:\/\/glass-works.org\/cs\/wp-json\/wp\/v2\/types\/page"}],"author":[{"embeddable":true,"href":"https:\/\/glass-works.org\/cs\/wp-json\/wp\/v2\/users\/1"}],"replies":[{"embeddable":true,"href":"https:\/\/glass-works.org\/cs\/wp-json\/wp\/v2\/comments?post=1281"}],"version-history":[{"count":5,"href":"https:\/\/glass-works.org\/cs\/wp-json\/wp\/v2\/pages\/1281\/revisions"}],"predecessor-version":[{"id":4376,"href":"https:\/\/glass-works.org\/cs\/wp-json\/wp\/v2\/pages\/1281\/revisions\/4376"}],"wp:attachment":[{"href":"https:\/\/glass-works.org\/cs\/wp-json\/wp\/v2\/media?parent=1281"}],"curies":[{"name":"wp","href":"https:\/\/api.w.org\/{rel}","templated":true}]}}